{"id":637,"date":"2023-05-25T13:39:07","date_gmt":"2023-05-25T13:39:07","guid":{"rendered":"https:\/\/tablaolapacheca.com\/?page_id=637"},"modified":"2023-05-31T10:45:39","modified_gmt":"2023-05-31T10:45:39","slug":"home","status":"publish","type":"page","link":"https:\/\/tablaolapacheca.com\/en\/","title":{"rendered":"HOME"},"content":{"rendered":"<div class=\"wp-block-columns are-vertically-aligned-center is-layout-flex wp-container-5 wp-block-columns-is-layout-flex\">\n<div class=\"wp-block-column is-vertically-aligned-center is-layout-flow wp-block-column-is-layout-flow\">\n<div class=\"wp-block-cover\" style=\"min-height:204px\"><span aria-hidden=\"true\" class=\"wp-block-cover__background has-background-dim-20 has-background-dim\"><\/span><img decoding=\"async\" loading=\"lazy\" width=\"1024\" height=\"683\" class=\"wp-block-cover__image-background wp-image-639\" alt=\"\" src=\"http:\/\/tablaolapacheca.com\/wp-content\/uploads\/2023\/05\/MAD-1024x683.jpg\" data-object-fit=\"cover\" srcset=\"https:\/\/tablaolapacheca.com\/wp-content\/uploads\/2023\/05\/MAD-1024x683.jpg 1024w, https:\/\/tablaolapacheca.com\/wp-content\/uploads\/2023\/05\/MAD-300x200.jpg 300w, https:\/\/tablaolapacheca.com\/wp-content\/uploads\/2023\/05\/MAD-768x512.jpg 768w, https:\/\/tablaolapacheca.com\/wp-content\/uploads\/2023\/05\/MAD-1536x1024.jpg 1536w, https:\/\/tablaolapacheca.com\/wp-content\/uploads\/2023\/05\/MAD-2048x1365.jpg 2048w, https:\/\/tablaolapacheca.com\/wp-content\/uploads\/2023\/05\/MAD-18x12.jpg 18w\" sizes=\"(max-width: 1024px) 100vw, 1024px\" \/><div class=\"wp-block-cover__inner-container is-layout-flow wp-block-cover-is-layout-flow\">\n<p class=\"has-text-align-center has-ast-global-color-5-color has-text-color has-link-color has-large-font-size wp-elements-7a089753452b47ab1a9e51504e327b58\"><strong><a href=\"https:\/\/tablaolapacheca.com\/en\/madrid\/\">MADRID<\/a><\/strong><\/p>\n<\/div><\/div>\n<\/div>\n\n\n\n<div class=\"wp-block-column is-vertically-aligned-center is-layout-flow wp-block-column-is-layout-flow\">\n<div class=\"wp-block-cover is-light\" style=\"min-height:204px\"><span aria-hidden=\"true\" class=\"wp-block-cover__background has-background-dim-20 has-background-dim\"><\/span><img decoding=\"async\" loading=\"lazy\" width=\"1024\" height=\"683\" class=\"wp-block-cover__image-background wp-image-638\" alt=\"\" src=\"http:\/\/tablaolapacheca.com\/wp-content\/uploads\/2023\/05\/BCN-1024x683.jpg\" data-object-fit=\"cover\" srcset=\"https:\/\/tablaolapacheca.com\/wp-content\/uploads\/2023\/05\/BCN-1024x683.jpg 1024w, https:\/\/tablaolapacheca.com\/wp-content\/uploads\/2023\/05\/BCN-300x200.jpg 300w, https:\/\/tablaolapacheca.com\/wp-content\/uploads\/2023\/05\/BCN-768x512.jpg 768w, https:\/\/tablaolapacheca.com\/wp-content\/uploads\/2023\/05\/BCN-1536x1024.jpg 1536w, https:\/\/tablaolapacheca.com\/wp-content\/uploads\/2023\/05\/BCN-2048x1365.jpg 2048w, https:\/\/tablaolapacheca.com\/wp-content\/uploads\/2023\/05\/BCN-18x12.jpg 18w\" sizes=\"(max-width: 1024px) 100vw, 1024px\" \/><div class=\"wp-block-cover__inner-container is-layout-flow wp-block-cover-is-layout-flow\">\n<p class=\"has-text-align-center has-link-color has-large-font-size wp-elements-7c514121e6f8f43cd504ac3cc2f6e915\" style=\"padding-top:0;padding-right:0;padding-bottom:0;padding-left:0\"><strong><a href=\"https:\/\/tablaolapacheca.com\/en\/barcelona\/\">BARCELONA<\/a><\/strong><\/p>\n<\/div><\/div>\n<\/div>\n<\/div>\n\n\n\n<h1 class=\"has-text-align-center wp-block-heading\" style=\"font-size:45px\"><strong>OUR STORY<\/strong><\/h1>\n\n\n\n<div class=\"wp-block-columns alignwide is-layout-flex wp-container-7 wp-block-columns-is-layout-flex\">\n<div class=\"wp-block-column is-vertically-aligned-center is-layout-flow wp-block-column-is-layout-flow\">\n<h1 class=\"has-text-align-center wp-block-heading\" style=\"font-size:40px\">THE ORIGIN...<\/h1>\n\n\n\n<p class=\"has-text-align-center translation-block\" style=\"font-size:15px\">The \u201c<em>tablao<\/em>\u201d La Pacheca takes its name from the \u201cCorral de comedias la Pacheca\u201d, located in Madrid.<br>This stage was a pioneer in the 16th century, hosting the first documented performance in a comedy theatre.<\/p>\n<\/div>\n<\/div>\n\n\n\n<div style=\"height:36px\" aria-hidden=\"true\" class=\"wp-block-spacer\"><\/div>\n\n\n\n<div class=\"wp-block-columns alignwide is-layout-flex wp-container-10 wp-block-columns-is-layout-flex\">\n<div class=\"wp-block-column is-vertically-aligned-center is-layout-flow wp-block-column-is-layout-flow\" style=\"flex-basis:30%\">\n<h1 class=\"has-text-align-center wp-block-heading\" style=\"font-size:90px;font-style:normal;font-weight:300\">1971<\/h1>\n<\/div>\n\n\n\n<div class=\"wp-block-column is-vertically-aligned-center is-layout-flow wp-block-column-is-layout-flow\" style=\"flex-basis:80%\">\n<p class=\"has-text-align-left translation-block\" style=\"font-size:15px\">Art and innovation are the roots that define the history of Corral de La Pacheca.<br>After years of success, Lauren Postigo chose this <em>tablao<\/em> to record the Spanish TV show \u201c<em>Cantares<\/em>\u201d, which featured the greatest representatives of Flamenco and Spanish song.<\/p>\n<\/div>\n<\/div>\n\n\n\n<div class=\"wp-block-columns alignwide is-layout-flex wp-container-13 wp-block-columns-is-layout-flex\">\n<div class=\"wp-block-column is-vertically-aligned-center is-layout-flow wp-block-column-is-layout-flow\" style=\"flex-basis:30%\">\n<h1 class=\"has-text-align-center wp-block-heading\" style=\"font-size:90px;font-style:normal;font-weight:300\">1995<\/h1>\n<\/div>\n\n\n\n<div class=\"wp-block-column is-vertically-aligned-center is-layout-flow wp-block-column-is-layout-flow\" style=\"flex-basis:80%\">\n<p class=\"has-text-align-left has-ast-global-color-5-color has-text-color\" style=\"font-size:15px\">The beginning of the 20th century brought bout a social change, which modified the conception of art and national culture. The L\u00f3pez family took over the management of the Corral de La Pacheca and began a period of discovery and learning in search of new ways of bringing Flamenco, its tradition and folklore to all publics.<\/p>\n<\/div>\n<\/div>\n\n\n\n<div class=\"wp-block-columns alignwide is-layout-flex wp-container-16 wp-block-columns-is-layout-flex\">\n<div class=\"wp-block-column is-vertically-aligned-center is-layout-flow wp-block-column-is-layout-flow\" style=\"flex-basis:30%\">\n<h1 class=\"has-text-align-center wp-block-heading\" style=\"font-size:90px;font-style:normal;font-weight:300\">2023<\/h1>\n<\/div>\n\n\n\n<div class=\"wp-block-column is-vertically-aligned-center is-layout-flow wp-block-column-is-layout-flow\" style=\"flex-basis:80%\">\n<p class=\"has-text-align-left\" style=\"font-size:15px\">This new era of the \u201c<em>tablao<\/em>\u201d La Pacheca returns creating synergies between the soul and tradition of flamenco and modernity; innovating with a concept that arrives in Barcelona to revolutionise art and gastronomy. An elegant and passionate expression of deep emotions that will leave nobody indifferent.<\/p>\n<\/div>\n<\/div>\n\n\n\n<div class=\"wp-block-cover alignwide is-light has-parallax\" style=\"min-height:425px\"><span aria-hidden=\"true\" class=\"wp-block-cover__background has-background-dim-30 has-background-dim\"><\/span><div role=\"img\" class=\"wp-block-cover__image-background wp-image-677 has-parallax\" style=\"background-position:50% 50%;background-image:url(https:\/\/tablaolapacheca.com\/wp-content\/uploads\/2023\/05\/ESPECIAS.png)\"><\/div><div class=\"wp-block-cover__inner-container is-layout-flow wp-block-cover-is-layout-flow\">\n<h1 class=\"has-text-align-center has-ast-global-color-5-color has-text-color wp-block-heading\" style=\"font-size:45px\"><strong>OUR GASTRONOMY<\/strong><\/h1>\n\n\n\n<p class=\"has-text-align-center has-ast-global-color-5-color has-text-color translation-block\" style=\"font-size:15px\">Discover our culinary proposal, both traditional and avant-garde, in an unforgettable experience.<br>A unique journey of flavors, which will delight your senses by the hand of our chef V\u00edctor Lema and his team.<\/p>\n<\/div><\/div>\n\n\n\n<div style=\"height:36px\" aria-hidden=\"true\" class=\"wp-block-spacer\"><\/div>\n\n\n\n<h1 class=\"alignwide has-text-align-center wp-block-heading\" style=\"font-size:45px\"><strong>OUR SHOW<\/strong><\/h1>\n\n\n\n<div class=\"wp-block-columns alignwide is-layout-flex wp-container-19 wp-block-columns-is-layout-flex\">\n<div class=\"wp-block-column is-layout-flow wp-block-column-is-layout-flow\">\n<p class=\"has-text-align-center\" style=\"font-size:15px\">Imagine a hall where flamenco infuses every corner, where time stands still and feelings take hold of the artists, making each performance an unique and unforgettable moment...<\/p>\n\n\n\n<p class=\"has-text-align-center\" style=\"font-size:15px\">Our scene is transformed into a temple that hosts the best artists, allowing them to be the vehicle for the passions and feelings of the past, which will enchant you through the melody of each \u201c<em>palo<\/em>\u201d, the vibration of each heel strike and the strength of their \u201c<em>quej\u00edo<\/em>\u201d.<\/p>\n<\/div>\n<\/div>\n\n\n\n<div style=\"height:36px\" aria-hidden=\"true\" class=\"wp-block-spacer\"><\/div>\n\n\n\n<figure class=\"wp-block-video alignwide\"><video autoplay loop muted src=\"http:\/\/tablaolapacheca.com\/wp-content\/uploads\/2022\/01\/WhatsApp-Video-2021-12-01-at-13.50.38.mp4\" playsinline><\/video><\/figure>","protected":false},"excerpt":{"rendered":"<p>NUESTRA HISTORIA OR\u00cdGENES&#8230; El tablao La Pacheca debe su nombre al Corral de comedias la Pacheca, situado en Madrid.Este espacio esc\u00e9nico fue pionero en el siglo S. XVI acogiendo la primera representaci\u00f3n documentada en un corral de comedias. 1971 El arte y la innovaci\u00f3n son las ra\u00edces que definen la historia del Corral de La &hellip;<\/p>\n<p class=\"read-more\"> <a class=\"\" href=\"https:\/\/tablaolapacheca.com\/en\/\"> <span class=\"screen-reader-text\">HOME<\/span> Read More &raquo;<\/a><\/p>","protected":false},"author":4,"featured_media":0,"parent":0,"menu_order":0,"comment_status":"closed","ping_status":"closed","template":"","meta":{"site-sidebar-layout":"no-sidebar","site-content-layout":"plain-container","ast-global-header-display":"","ast-main-header-display":"","ast-hfb-above-header-display":"","ast-hfb-below-header-display":"","ast-hfb-mobile-header-display":"","site-post-title":"disabled","ast-breadcrumbs-content":"","ast-featured-img":"","footer-sml-layout":"","theme-transparent-header-meta":"","adv-header-id-meta":"","stick-header-meta":"","header-above-stick-meta":"","header-main-stick-meta":"","header-below-stick-meta":"","footnotes":""},"_links":{"self":[{"href":"https:\/\/tablaolapacheca.com\/en\/wp-json\/wp\/v2\/pages\/637"}],"collection":[{"href":"https:\/\/tablaolapacheca.com\/en\/wp-json\/wp\/v2\/pages"}],"about":[{"href":"https:\/\/tablaolapacheca.com\/en\/wp-json\/wp\/v2\/types\/page"}],"author":[{"embeddable":true,"href":"https:\/\/tablaolapacheca.com\/en\/wp-json\/wp\/v2\/users\/4"}],"replies":[{"embeddable":true,"href":"https:\/\/tablaolapacheca.com\/en\/wp-json\/wp\/v2\/comments?post=637"}],"version-history":[{"count":38,"href":"https:\/\/tablaolapacheca.com\/en\/wp-json\/wp\/v2\/pages\/637\/revisions"}],"predecessor-version":[{"id":917,"href":"https:\/\/tablaolapacheca.com\/en\/wp-json\/wp\/v2\/pages\/637\/revisions\/917"}],"wp:attachment":[{"href":"https:\/\/tablaolapacheca.com\/en\/wp-json\/wp\/v2\/media?parent=637"}],"curies":[{"name":"wp","href":"https:\/\/api.w.org\/{rel}","templated":true}]}}