{"id":811,"date":"2023-05-29T14:33:48","date_gmt":"2023-05-29T14:33:48","guid":{"rendered":"https:\/\/tablaolapacheca.com\/?page_id=811"},"modified":"2023-06-26T11:09:25","modified_gmt":"2023-06-26T11:09:25","slug":"menu","status":"publish","type":"page","link":"https:\/\/tablaolapacheca.com\/en\/menu\/","title":{"rendered":"MENU"},"content":{"rendered":"<p><\/p>\n\n\n\n<h1 class=\"alignwide has-text-align-center wp-block-heading\" style=\"font-size:60px\">OUR OFFER<\/h1>\n\n\n\n<div style=\"height:36px\" aria-hidden=\"true\" class=\"wp-block-spacer\"><\/div>\n\n\n\n<p class=\"has-text-align-center has-ast-global-color-5-color has-text-color has-medium-font-size translation-block\">Would you like to come and have dinner with us?<br>These are our options to enjoy the show after a delicious dinner...<\/p>\n\n\n\n<div style=\"height:30px\" aria-hidden=\"true\" class=\"wp-block-spacer\"><\/div>\n\n\n\n<div class=\"wp-block-columns alignwide are-vertically-aligned-center is-layout-flex wp-container-6 wp-block-columns-is-layout-flex\">\n<div class=\"wp-block-column is-vertically-aligned-center is-layout-flow wp-block-column-is-layout-flow\" style=\"flex-basis:15%\">\n<figure class=\"wp-block-image aligncenter size-large\"><a href=\"http:\/\/tablaolapacheca.com\/wp-content\/uploads\/2023\/05\/PLANO_BCN_CartageneraWEB.png\"><img decoding=\"async\" loading=\"lazy\" width=\"724\" height=\"1024\" src=\"http:\/\/tablaolapacheca.com\/wp-content\/uploads\/2023\/05\/PLANO_BCN_CartageneraWEB-724x1024.png\" alt=\"\" class=\"wp-image-846\" srcset=\"https:\/\/tablaolapacheca.com\/wp-content\/uploads\/2023\/05\/PLANO_BCN_CartageneraWEB-724x1024.png 724w, https:\/\/tablaolapacheca.com\/wp-content\/uploads\/2023\/05\/PLANO_BCN_CartageneraWEB-212x300.png 212w, https:\/\/tablaolapacheca.com\/wp-content\/uploads\/2023\/05\/PLANO_BCN_CartageneraWEB-768x1086.png 768w, https:\/\/tablaolapacheca.com\/wp-content\/uploads\/2023\/05\/PLANO_BCN_CartageneraWEB-1086x1536.png 1086w, https:\/\/tablaolapacheca.com\/wp-content\/uploads\/2023\/05\/PLANO_BCN_CartageneraWEB-1449x2048.png 1449w, https:\/\/tablaolapacheca.com\/wp-content\/uploads\/2023\/05\/PLANO_BCN_CartageneraWEB-8x12.png 8w\" sizes=\"(max-width: 724px) 100vw, 724px\" \/><\/a><\/figure>\n<\/div>\n\n\n\n<div class=\"wp-block-column is-vertically-aligned-center is-layout-flow wp-block-column-is-layout-flow\" style=\"flex-basis:50%\">\n<h1 class=\"alignwide has-text-align-left wp-block-heading\" style=\"font-size:35px\">CARTAGENERA MENU<\/h1>\n\n\n\n<p class=\"has-ast-global-color-5-color has-text-color\" style=\"font-size:18px\">Cena con entrante (a elegir entre crema de calabaza con leche de coco, picatostes y pipas \u00f3 ensaladilla rusa con ahumados), plato principal (a elegir entre blanqueta de pollo con patatas al horno \u00f3 risotto de seis verdes), postre (a elegir entre pannacotta de coco \u00f3 tarta de chocolate con avellanas y chantilly), pan y una bebida (a elegir entre vino de la casa o cerveza de la casa o refresco o sangr\u00eda).<br><br>Includes entrance to the show with the best artists. <\/p>\n<\/div>\n\n\n\n<div class=\"wp-block-column is-vertically-aligned-center is-layout-flow wp-block-column-is-layout-flow\" style=\"flex-basis:15%\">\n\n<h2 class=\"has-text-align-center wp-block-heading\" style=\"font-size:50px\">68\u20ac<\/h2>\n\n<\/div>\n\n\n\n<div class=\"wp-block-column is-vertically-aligned-center is-layout-flow wp-block-column-is-layout-flow\" style=\"flex-basis:13%\">\n<div class=\"wp-block-buttons is-content-justification-center is-layout-flex wp-container-4 wp-block-buttons-is-layout-flex\">\n<div class=\"wp-block-button is-style-outline\"><a class=\"wp-block-button__link has-ast-global-color-5-color has-ast-global-color-4-background-color has-text-color has-background wp-element-button\" href=\"https:\/\/tablaolapacheca.com\/en\/reservas\/\">BOOKING<\/a><\/div>\n<\/div>\n<\/div>\n<\/div>\n\n\n\n<div style=\"height:45px\" aria-hidden=\"true\" class=\"wp-block-spacer\"><\/div>\n\n\n\n<div class=\"wp-block-columns alignwide is-layout-flex wp-container-12 wp-block-columns-is-layout-flex\">\n<div class=\"wp-block-column is-layout-flow wp-block-column-is-layout-flow\" style=\"flex-basis:15%\">\n<figure class=\"wp-block-image aligncenter size-large\"><a href=\"http:\/\/tablaolapacheca.com\/wp-content\/uploads\/2023\/05\/PLANO_BCN_GranainaWEB.png\"><img decoding=\"async\" loading=\"lazy\" width=\"724\" height=\"1024\" src=\"http:\/\/tablaolapacheca.com\/wp-content\/uploads\/2023\/05\/PLANO_BCN_GranainaWEB-724x1024.png\" alt=\"\" class=\"wp-image-848\" srcset=\"https:\/\/tablaolapacheca.com\/wp-content\/uploads\/2023\/05\/PLANO_BCN_GranainaWEB-724x1024.png 724w, https:\/\/tablaolapacheca.com\/wp-content\/uploads\/2023\/05\/PLANO_BCN_GranainaWEB-212x300.png 212w, https:\/\/tablaolapacheca.com\/wp-content\/uploads\/2023\/05\/PLANO_BCN_GranainaWEB-768x1086.png 768w, https:\/\/tablaolapacheca.com\/wp-content\/uploads\/2023\/05\/PLANO_BCN_GranainaWEB-1086x1536.png 1086w, https:\/\/tablaolapacheca.com\/wp-content\/uploads\/2023\/05\/PLANO_BCN_GranainaWEB-1449x2048.png 1449w, https:\/\/tablaolapacheca.com\/wp-content\/uploads\/2023\/05\/PLANO_BCN_GranainaWEB-8x12.png 8w\" sizes=\"(max-width: 724px) 100vw, 724px\" \/><\/a><\/figure>\n<\/div>\n\n\n\n<div class=\"wp-block-column is-vertically-aligned-center is-layout-flow wp-block-column-is-layout-flow\" style=\"flex-basis:50%\">\n<h1 class=\"alignwide has-text-align-left wp-block-heading\" style=\"font-size:35px\"><em>TAPAS<\/em> MENU<\/h1>\n\n\n\n<p class=\"has-ast-global-color-5-color has-text-color\" style=\"font-size:18px\">Para los amantes del \u201c<em>tapeo<\/em>\u201d, hemos dise\u00f1ado un men\u00fa degustaci\u00f3n de un variado de tapas fr\u00edas y calientes (tabla de ib\u00e9ricos de bellota y quesos selectos, ensaladilla con ahumados, croquetas artesanas, lac\u00f3n y calamares a la andaluza), pan y una bebida (a elegir entre vino de la casa o cerveza de la casa o refresco o sangr\u00eda).<br><br>Includes entrance to the show with the best artists.<\/p>\n<\/div>\n\n\n\n<div class=\"wp-block-column is-vertically-aligned-center is-layout-flow wp-block-column-is-layout-flow\" style=\"flex-basis:15%\">\n\n<h2 class=\"has-text-align-center wp-block-heading\" style=\"font-size:50px\">70\u20ac<\/h2>\n\n<\/div>\n\n\n\n<div class=\"wp-block-column is-vertically-aligned-center is-layout-flow wp-block-column-is-layout-flow\" style=\"flex-basis:13%\">\n<div class=\"wp-block-buttons is-content-justification-center is-layout-flex wp-container-10 wp-block-buttons-is-layout-flex\">\n<div class=\"wp-block-button is-style-outline\"><a class=\"wp-block-button__link has-ast-global-color-5-color has-ast-global-color-4-background-color has-text-color has-background wp-element-button\" href=\"https:\/\/tablaolapacheca.com\/en\/reservas\/\">BOOKING<\/a><\/div>\n<\/div>\n<\/div>\n<\/div>\n\n\n\n<div style=\"height:45px\" aria-hidden=\"true\" class=\"wp-block-spacer\"><\/div>\n\n\n\n<div class=\"wp-block-columns alignwide are-vertically-aligned-center is-layout-flex wp-container-18 wp-block-columns-is-layout-flex\">\n<div class=\"wp-block-column is-vertically-aligned-center is-layout-flow wp-block-column-is-layout-flow\" style=\"flex-basis:15%\">\n<figure class=\"wp-block-image aligncenter size-large\"><a href=\"http:\/\/tablaolapacheca.com\/wp-content\/uploads\/2023\/05\/PLANO_BCN_GranainaWEB.png\"><img decoding=\"async\" loading=\"lazy\" width=\"724\" height=\"1024\" src=\"http:\/\/tablaolapacheca.com\/wp-content\/uploads\/2023\/05\/PLANO_BCN_GranainaWEB-724x1024.png\" alt=\"\" class=\"wp-image-848\" srcset=\"https:\/\/tablaolapacheca.com\/wp-content\/uploads\/2023\/05\/PLANO_BCN_GranainaWEB-724x1024.png 724w, https:\/\/tablaolapacheca.com\/wp-content\/uploads\/2023\/05\/PLANO_BCN_GranainaWEB-212x300.png 212w, https:\/\/tablaolapacheca.com\/wp-content\/uploads\/2023\/05\/PLANO_BCN_GranainaWEB-768x1086.png 768w, https:\/\/tablaolapacheca.com\/wp-content\/uploads\/2023\/05\/PLANO_BCN_GranainaWEB-1086x1536.png 1086w, https:\/\/tablaolapacheca.com\/wp-content\/uploads\/2023\/05\/PLANO_BCN_GranainaWEB-1449x2048.png 1449w, https:\/\/tablaolapacheca.com\/wp-content\/uploads\/2023\/05\/PLANO_BCN_GranainaWEB-8x12.png 8w\" sizes=\"(max-width: 724px) 100vw, 724px\" \/><\/a><\/figure>\n<\/div>\n\n\n\n<div class=\"wp-block-column is-vertically-aligned-center is-layout-flow wp-block-column-is-layout-flow\" style=\"flex-basis:50%\">\n<h1 class=\"alignwide has-text-align-left wp-block-heading\" style=\"font-size:35px\">GRANAINA MENU<\/h1>\n\n\n\n<p class=\"has-ast-global-color-5-color has-text-color\" style=\"font-size:18px\">Cena con entrante (a elegir entre crema de calabaza con leche de coco, picatostes y pipas \u00f3 ensaladilla rusa con ahumados \u00f3 ensalada de pera y queso de cabra), plato principal (a elegir entre blanqueta de pollo con patatas al horno \u00f3 risotto de seis verdes \u00f3 merluza al pil pil con milhojas de patatas), postre (a elegir entre pannacotta de coco \u00f3 taten de pi\u00f1a con helado de vainilla de Tahit\u00ed), pan y una bebida (a elegir entre vino de la casa o cerveza de la casa o refresco o sangr\u00eda).<br><br>Includes entrance to the show with the best artists. <\/p>\n<\/div>\n\n\n\n<div class=\"wp-block-column is-vertically-aligned-center is-layout-flow wp-block-column-is-layout-flow\" style=\"flex-basis:15%\">\n\n<h2 class=\"has-text-align-center wp-block-heading\" style=\"font-size:50px\">75\u20ac<\/h2>\n\n<\/div>\n\n\n\n<div class=\"wp-block-column is-vertically-aligned-center is-layout-flow wp-block-column-is-layout-flow\" style=\"flex-basis:13%\">\n<div class=\"wp-block-buttons is-content-justification-center is-layout-flex wp-container-16 wp-block-buttons-is-layout-flex\">\n<div class=\"wp-block-button is-style-outline\"><a class=\"wp-block-button__link has-ast-global-color-5-color has-ast-global-color-4-background-color has-text-color has-background wp-element-button\" href=\"https:\/\/tablaolapacheca.com\/en\/reservas\/\">BOOKING<\/a><\/div>\n<\/div>\n<\/div>\n<\/div>\n\n\n\n<div style=\"height:45px\" aria-hidden=\"true\" class=\"wp-block-spacer\"><\/div>\n\n\n\n<div class=\"wp-block-columns alignwide are-vertically-aligned-center is-layout-flex wp-container-24 wp-block-columns-is-layout-flex\">\n<div class=\"wp-block-column is-vertically-aligned-center is-layout-flow wp-block-column-is-layout-flow\" style=\"flex-basis:15%\">\n<figure class=\"wp-block-image aligncenter size-large\"><a href=\"http:\/\/tablaolapacheca.com\/wp-content\/uploads\/2023\/05\/PLANO_BCN_Palo_SantoWEB.png\"><img decoding=\"async\" loading=\"lazy\" width=\"724\" height=\"1024\" src=\"http:\/\/tablaolapacheca.com\/wp-content\/uploads\/2023\/05\/PLANO_BCN_Palo_SantoWEB-724x1024.png\" alt=\"\" class=\"wp-image-849\" srcset=\"https:\/\/tablaolapacheca.com\/wp-content\/uploads\/2023\/05\/PLANO_BCN_Palo_SantoWEB-724x1024.png 724w, https:\/\/tablaolapacheca.com\/wp-content\/uploads\/2023\/05\/PLANO_BCN_Palo_SantoWEB-212x300.png 212w, https:\/\/tablaolapacheca.com\/wp-content\/uploads\/2023\/05\/PLANO_BCN_Palo_SantoWEB-768x1086.png 768w, https:\/\/tablaolapacheca.com\/wp-content\/uploads\/2023\/05\/PLANO_BCN_Palo_SantoWEB-1086x1536.png 1086w, https:\/\/tablaolapacheca.com\/wp-content\/uploads\/2023\/05\/PLANO_BCN_Palo_SantoWEB-1449x2048.png 1449w, https:\/\/tablaolapacheca.com\/wp-content\/uploads\/2023\/05\/PLANO_BCN_Palo_SantoWEB-8x12.png 8w\" sizes=\"(max-width: 724px) 100vw, 724px\" \/><\/a><\/figure>\n<\/div>\n\n\n\n<div class=\"wp-block-column is-vertically-aligned-center is-layout-flow wp-block-column-is-layout-flow\" style=\"flex-basis:50%\">\n<h1 class=\"alignwide has-text-align-left wp-block-heading\" style=\"font-size:35px\">PALO SANTO MENU<\/h1>\n\n\n\n<p class=\"has-ast-global-color-5-color has-text-color\" style=\"font-size:18px\">Cena gastron\u00f3mica con entrante (a elegir entre ensalada de pera y queso de cabra \u00f3 carpaccio de champi\u00f1ones con pi\u00f1ones y trufa \u00f3 ravioli de txangurro), plato principal (a elegir entre entrecotte de finas hiervas con pur\u00e9 de boniato \u00f3 corvina donostiarra \u00f3 verduras salteadas con miso y coco), postre (a elegir entre taten de pi\u00f1a con helado de vainilla de Tahit\u00ed \u00f3 torrija de Santa Teresa), pan, una bebida (a elegir entre vino selecto o cerveza premium o refresco o sangr\u00eda), caf\u00e9 y digestivo de la casa.<br><br>Incluye la entrada al espect\u00e1culo con los mejores artistas y asientos premium.<\/p>\n<\/div>\n\n\n\n<div class=\"wp-block-column is-vertically-aligned-center is-layout-flow wp-block-column-is-layout-flow\" style=\"flex-basis:15%\">\n\n<h2 class=\"has-text-align-center wp-block-heading\" style=\"font-size:50px\">130\u20ac<\/h2>\n\n<\/div>\n\n\n\n<div class=\"wp-block-column is-vertically-aligned-center is-layout-flow wp-block-column-is-layout-flow\" style=\"flex-basis:13%\">\n<div class=\"wp-block-buttons is-content-justification-center is-layout-flex wp-container-22 wp-block-buttons-is-layout-flex\">\n<div class=\"wp-block-button is-style-outline\"><a class=\"wp-block-button__link has-ast-global-color-5-color has-ast-global-color-4-background-color has-text-color has-background wp-element-button\" href=\"https:\/\/tablaolapacheca.com\/en\/reservas\/\">BOOKING<\/a><\/div>\n<\/div>\n<\/div>\n<\/div>\n\n\n\n<div style=\"height:45px\" aria-hidden=\"true\" class=\"wp-block-spacer\"><\/div>\n\n\n\n<div class=\"wp-block-columns alignwide are-vertically-aligned-center is-layout-flex wp-container-30 wp-block-columns-is-layout-flex\">\n<div class=\"wp-block-column is-vertically-aligned-center is-layout-flow wp-block-column-is-layout-flow\" style=\"flex-basis:15%\">\n<figure class=\"wp-block-image aligncenter size-large\"><a href=\"http:\/\/tablaolapacheca.com\/wp-content\/uploads\/2023\/05\/PLANO_BCN_SoleaWEB.png\"><img decoding=\"async\" loading=\"lazy\" width=\"724\" height=\"1024\" src=\"http:\/\/tablaolapacheca.com\/wp-content\/uploads\/2023\/05\/PLANO_BCN_SoleaWEB-724x1024.png\" alt=\"\" class=\"wp-image-845\" srcset=\"https:\/\/tablaolapacheca.com\/wp-content\/uploads\/2023\/05\/PLANO_BCN_SoleaWEB-724x1024.png 724w, https:\/\/tablaolapacheca.com\/wp-content\/uploads\/2023\/05\/PLANO_BCN_SoleaWEB-212x300.png 212w, https:\/\/tablaolapacheca.com\/wp-content\/uploads\/2023\/05\/PLANO_BCN_SoleaWEB-768x1086.png 768w, https:\/\/tablaolapacheca.com\/wp-content\/uploads\/2023\/05\/PLANO_BCN_SoleaWEB-1086x1536.png 1086w, https:\/\/tablaolapacheca.com\/wp-content\/uploads\/2023\/05\/PLANO_BCN_SoleaWEB-1449x2048.png 1449w, https:\/\/tablaolapacheca.com\/wp-content\/uploads\/2023\/05\/PLANO_BCN_SoleaWEB-8x12.png 8w\" sizes=\"(max-width: 724px) 100vw, 724px\" \/><\/a><\/figure>\n<\/div>\n\n\n\n<div class=\"wp-block-column is-vertically-aligned-center is-layout-flow wp-block-column-is-layout-flow\" style=\"flex-basis:50%\">\n<h1 class=\"alignwide has-text-align-left wp-block-heading\" style=\"font-size:35px\">SOLE\u00c1 MENU<\/h1>\n\n\n\n<p class=\"has-ast-global-color-5-color has-text-color\" style=\"font-size:18px\">Cena gastron\u00f3mica con entrante (a elegir entre carpaccio de champi\u00f1ones con pi\u00f1ones y trufa \u00f3 ravioli de txangurro \u00f3 parmentier de bogavante), plato principal (a elegir entre entrecotte de finas hiervas con pur\u00e9 de boniato \u00f3 corvina donostiarra \u00f3 verduras salteadas con miso y coco \u00f3 solomillo robespierre), postre (a elegir entre taten de pi\u00f1a con helado de vainilla de Tahit\u00ed \u00f3 torrija de Santa Teresa \u00f3 sorbete de lim\u00f3n, sopa de fresa y albahaca), pan, bebida (a elegir entre media botella de vino selecto o dos cervezas premium o dos refrescos o un litro de sangr\u00eda), copa de champagne, caf\u00e9 y digestivo de la casa.<br><br>Incluye la entrada al espect\u00e1culo con los mejores artistas y asientos y servicio VIP.<\/p>\n<\/div>\n\n\n\n<div class=\"wp-block-column is-vertically-aligned-center is-layout-flow wp-block-column-is-layout-flow\" style=\"flex-basis:15%\">\n\n<h2 class=\"has-text-align-center wp-block-heading\" style=\"font-size:50px\">300\u20ac<\/h2>\n\n<\/div>\n\n\n\n<div class=\"wp-block-column is-vertically-aligned-center is-layout-flow wp-block-column-is-layout-flow\" style=\"flex-basis:13%\">\n<div class=\"wp-block-buttons is-content-justification-center is-layout-flex wp-container-28 wp-block-buttons-is-layout-flex\">\n<div class=\"wp-block-button is-style-outline\"><a class=\"wp-block-button__link has-ast-global-color-5-color has-ast-global-color-4-background-color has-text-color has-background wp-element-button\" href=\"https:\/\/tablaolapacheca.com\/en\/reservas\/\">BOOKING<\/a><\/div>\n<\/div>\n<\/div>\n<\/div>\n\n\n\n<div style=\"height:45px\" aria-hidden=\"true\" class=\"wp-block-spacer\"><\/div>\n\n\n\n<div class=\"wp-block-columns alignwide is-layout-flex wp-container-32 wp-block-columns-is-layout-flex\">\n<div class=\"wp-block-column is-layout-flow wp-block-column-is-layout-flow\">\n<p class=\"has-text-align-center has-ast-global-color-5-color has-text-color translation-block\" style=\"font-size:15px\">We offer two dinner services at 6pm or 9pm. The duration of the dinner and the show is 2h 15min.<br><br>There is a<strong>children's menu<\/strong>option for 38\u20ac for kids between 4 and 13 years old, which includes entrance to the show and dinner with starter, main course, dessert, bread and a soft drink ( choose between water or juice).<\/p>\n\n\n\n<p class=\"has-text-align-center has-ast-global-color-5-color has-text-color translation-block\" style=\"font-size:15px\">* <em>Please arrive 15 minutes before the start of the dinner.<\/em><br>** <em>For special dietary restrictions and vegetarian options, please contact our sales department.<\/em><br>*** <em>For bookings of ten people or more contact us by email at <a href=\"mailto:reservas@tablaolapacheca.com\" target=\"_self\">reservas@tablaolapacheca.com <\/a><\/em><\/p>\n<\/div>\n<\/div>\n\n\n\n<div style=\"height:45px\" aria-hidden=\"true\" class=\"wp-block-spacer\"><\/div>\n\n\n\n<hr class=\"wp-block-separator has-text-color has-ast-global-color-3-color has-alpha-channel-opacity has-ast-global-color-3-background-color has-background\" style=\"margin-top:0;margin-bottom:0\" \/>\n\n\n\n<div style=\"height:21px\" aria-hidden=\"true\" class=\"wp-block-spacer\"><\/div>\n\n\n\n<p class=\"has-text-align-center has-ast-global-color-5-color has-text-color translation-block\" style=\"font-size:25px\">Do you want to see a flamenco show with the best artists?<br><br>This is one of our options to enjoy it...<\/p>\n\n\n\n<div style=\"height:22px\" aria-hidden=\"true\" class=\"wp-block-spacer\"><\/div>\n\n\n\n<div class=\"inherit-container-width wp-block-group alignwide is-layout-constrained wp-block-group-is-layout-constrained\"><div class=\"wp-block-group__inner-container\">\n<div class=\"wp-block-columns alignwide are-vertically-aligned-center is-layout-flex wp-container-38 wp-block-columns-is-layout-flex\">\n<div class=\"wp-block-column is-vertically-aligned-center is-layout-flow wp-block-column-is-layout-flow\" style=\"flex-basis:15%\">\n<figure class=\"wp-block-image aligncenter size-large\"><a href=\"http:\/\/tablaolapacheca.com\/wp-content\/uploads\/2023\/05\/PLANO_BCN_ConsumicionWEB.png\"><img decoding=\"async\" loading=\"lazy\" width=\"724\" height=\"1024\" src=\"http:\/\/tablaolapacheca.com\/wp-content\/uploads\/2023\/05\/PLANO_BCN_ConsumicionWEB-724x1024.png\" alt=\"\" class=\"wp-image-847\" srcset=\"https:\/\/tablaolapacheca.com\/wp-content\/uploads\/2023\/05\/PLANO_BCN_ConsumicionWEB-724x1024.png 724w, https:\/\/tablaolapacheca.com\/wp-content\/uploads\/2023\/05\/PLANO_BCN_ConsumicionWEB-212x300.png 212w, https:\/\/tablaolapacheca.com\/wp-content\/uploads\/2023\/05\/PLANO_BCN_ConsumicionWEB-768x1086.png 768w, https:\/\/tablaolapacheca.com\/wp-content\/uploads\/2023\/05\/PLANO_BCN_ConsumicionWEB-1086x1536.png 1086w, https:\/\/tablaolapacheca.com\/wp-content\/uploads\/2023\/05\/PLANO_BCN_ConsumicionWEB-1449x2048.png 1449w, https:\/\/tablaolapacheca.com\/wp-content\/uploads\/2023\/05\/PLANO_BCN_ConsumicionWEB-8x12.png 8w\" sizes=\"(max-width: 724px) 100vw, 724px\" \/><\/a><\/figure>\n<\/div>\n\n\n\n<div class=\"wp-block-column is-vertically-aligned-center is-layout-flow wp-block-column-is-layout-flow\" style=\"flex-basis:50%\">\n<h1 class=\"alignwide has-text-align-left wp-block-heading\" id=\"consumicion-y-espectaculo\" style=\"font-size:35px\"><a href=\"#consumicion-y-espectaculo\" data-type=\"internal\" data-id=\"#consumicion-y-espectaculo\">SHOW AND DRINK<\/a><\/h1>\n\n\n\n<p class=\"has-ast-global-color-5-color has-text-color translation-block\" style=\"font-size:18px\">Quality artists, a unique environment and the best service guaranteed.<br><br>Includes entrance to the show and a drink to choose between house wine, house beer, soft drink or sangria.<br><br>There is the option of child entry for children between 4 and 13 years old, includes a non-alcoholic drink.<\/p>\n<\/div>\n\n\n\n<div class=\"wp-block-column is-vertically-aligned-center is-layout-flow wp-block-column-is-layout-flow\" style=\"flex-basis:15%\">\n\n<h2 class=\"has-text-align-center wp-block-heading\" style=\"font-size:50px\">39\u20ac<\/h2>\n\n\n<h2 class=\"has-text-align-center wp-block-heading\">Children's 18\u20ac<\/h2>\n\n<\/div>\n\n\n\n<div class=\"wp-block-column is-vertically-aligned-center is-layout-flow wp-block-column-is-layout-flow\" style=\"flex-basis:13%\">\n<div class=\"wp-block-buttons is-content-justification-center is-layout-flex wp-container-36 wp-block-buttons-is-layout-flex\">\n<div class=\"wp-block-button is-style-outline\"><a class=\"wp-block-button__link has-ast-global-color-5-color has-ast-global-color-4-background-color has-text-color has-background wp-element-button\" href=\"https:\/\/tablaolapacheca.com\/en\/reservas\/\">BOOKING<\/a><\/div>\n<\/div>\n<\/div>\n<\/div>\n<\/div><\/div>\n\n\n\n<div style=\"height:24px\" aria-hidden=\"true\" class=\"wp-block-spacer\"><\/div>\n\n\n\n<div class=\"wp-block-columns alignwide is-layout-flex wp-container-41 wp-block-columns-is-layout-flex\">\n<div class=\"wp-block-column is-layout-flow wp-block-column-is-layout-flow\">\n<p class=\"has-text-align-center has-ast-global-color-5-color has-text-color\" style=\"font-size:15px\"><strong>We have two passes at 19h or 22h. The duration of the show is 1h30min. <\/strong><\/p>\n\n\n\n<p class=\"has-text-align-center has-ast-global-color-5-color has-text-color\" style=\"font-size:15px\">* <em>Please arrive 15min before the start time of the show.<\/em> <\/p>\n<\/div>\n<\/div>","protected":false},"excerpt":{"rendered":"<p>NUESTRA OFERTA \u00bfTe apetece venir a cenar con nosotros? Estas son nuestras opciones para disfrutar del espect\u00e1culo despu\u00e9s de una deliciosa cena\u2026 MEN\u00da CARTAGENERA Cena con entrante (a elegir entre crema de calabaza con leche de coco, picatostes y pipas \u00f3 ensaladilla rusa con ahumados), plato principal (a elegir entre blanqueta de pollo con patatas &hellip;<\/p>\n<p class=\"read-more\"> <a class=\"\" href=\"https:\/\/tablaolapacheca.com\/en\/menu\/\"> <span class=\"screen-reader-text\">MENU<\/span> Read More &raquo;<\/a><\/p>","protected":false},"author":4,"featured_media":0,"parent":0,"menu_order":0,"comment_status":"closed","ping_status":"closed","template":"","meta":{"site-sidebar-layout":"default","site-content-layout":"default","ast-global-header-display":"","ast-main-header-display":"","ast-hfb-above-header-display":"","ast-hfb-below-header-display":"","ast-hfb-mobile-header-display":"","site-post-title":"disabled","ast-breadcrumbs-content":"","ast-featured-img":"","footer-sml-layout":"","theme-transparent-header-meta":"","adv-header-id-meta":"","stick-header-meta":"","header-above-stick-meta":"","header-main-stick-meta":"","header-below-stick-meta":"","footnotes":""},"_links":{"self":[{"href":"https:\/\/tablaolapacheca.com\/en\/wp-json\/wp\/v2\/pages\/811"}],"collection":[{"href":"https:\/\/tablaolapacheca.com\/en\/wp-json\/wp\/v2\/pages"}],"about":[{"href":"https:\/\/tablaolapacheca.com\/en\/wp-json\/wp\/v2\/types\/page"}],"author":[{"embeddable":true,"href":"https:\/\/tablaolapacheca.com\/en\/wp-json\/wp\/v2\/users\/4"}],"replies":[{"embeddable":true,"href":"https:\/\/tablaolapacheca.com\/en\/wp-json\/wp\/v2\/comments?post=811"}],"version-history":[{"count":42,"href":"https:\/\/tablaolapacheca.com\/en\/wp-json\/wp\/v2\/pages\/811\/revisions"}],"predecessor-version":[{"id":965,"href":"https:\/\/tablaolapacheca.com\/en\/wp-json\/wp\/v2\/pages\/811\/revisions\/965"}],"wp:attachment":[{"href":"https:\/\/tablaolapacheca.com\/en\/wp-json\/wp\/v2\/media?parent=811"}],"curies":[{"name":"wp","href":"https:\/\/api.w.org\/{rel}","templated":true}]}}